{"id":2124,"date":"2014-03-29T11:14:40","date_gmt":"2014-03-29T10:14:40","guid":{"rendered":"https:\/\/aesthetikaclothing.com\/shipping-costs\/"},"modified":"2025-10-16T20:15:49","modified_gmt":"2025-10-16T18:15:49","slug":"shipping-costs","status":"publish","type":"page","link":"https:\/\/aesthetikaclothing.com\/en\/shop\/shipping-costs\/","title":{"rendered":"Shipping Costs"},"content":{"rendered":"<table class=\"table table-striped\">\n<tbody>\n<tr>\n<th>Destination<\/th>\n<th>Costs<\/th>\n<th>Extras<\/th>\n<\/tr>\n<tr>\n<td>Pick up at the store in Berlin<\/td>\n<td>Free of charge<\/td>\n<td><a href=\"https:\/\/maps.app.goo.gl\/e4uFZxsGLTtq2rRR8\" target=\"_blank\" rel=\"noopener\"><strong>\u00e4sthetika Studio<\/strong> Graefestra\u00dfe 80, 10967 Berlin<\/a><br \/>\n<a href=\"https:\/\/maps.app.goo.gl\/LJRPH1qiR9Btp1qz6\" target=\"_blank\" rel=\"noopener\"><strong>For Kings and Queens<\/strong> Zossener Stra\u00dfe 32, 10961 Berlin<\/a><\/td>\n<\/tr>\n<tr>\n<td>Germany<\/td>\n<td>3.90 \u20ac<\/td>\n<td><strong>free shipping from 100.00 \u20ac on<\/strong><\/td>\n<\/tr>\n<tr>\n<td>EU<\/td>\n<td>9.90 \u20ac<\/td>\n<td><\/td>\n<\/tr>\n<tr>\n<td>Outside EU<\/td>\n<td>You can use <strong><a href=\"https:\/\/shipgerman.com\/\" target=\"_blank\" rel=\"noopener\">shipgerman.com<\/a><\/strong> to order outside the EU.<\/td>\n<td><\/td>\n<\/tr>\n<\/tbody>\n<\/table>\n","protected":false},"excerpt":{"rendered":"<p>Destination Costs Extras Pick up at the store in Berlin Free of charge \u00e4sthetika Studio Graefestra\u00dfe 80, 10967 Berlin For Kings and Queens Zossener Stra\u00dfe 32, 10961 Berlin Germany 3.90 \u20ac free shipping from 100.00 \u20ac on EU 9.90 \u20ac Outside EU You can use shipgerman.com to order outside the EU.<\/p>\n","protected":false},"author":1,"featured_media":0,"parent":2562,"menu_order":0,"comment_status":"closed","ping_status":"closed","template":"","meta":{"_acf_changed":false,"inline_featured_image":false,"footnotes":""},"class_list":["post-2124","page","type-page","status-publish","hentry"],"acf":[],"yoast_head":"<!-- This site is optimized with the Yoast SEO plugin v27.4 - https:\/\/yoast.com\/product\/yoast-seo-wordpress\/ -->\n<title>Shipping Costs &#8211; \u00e4sthetika<\/title>\n<meta name=\"robots\" content=\"index, follow, max-snippet:-1, max-image-preview:large, max-video-preview:-1\" \/>\n<link rel=\"canonical\" href=\"https:\/\/aesthetikaclothing.com\/en\/shop\/shipping-costs\/\" \/>\n<meta property=\"og:locale\" content=\"en_US\" \/>\n<meta property=\"og:type\" content=\"article\" \/>\n<meta property=\"og:title\" content=\"Shipping Costs &#8211; \u00e4sthetika\" \/>\n<meta property=\"og:description\" content=\"Destination Costs Extras Pick up at the store in Berlin Free of charge \u00e4sthetika Studio Graefestra\u00dfe 80, 10967 Berlin For Kings and Queens Zossener Stra\u00dfe 32, 10961 Berlin Germany 3.90 \u20ac free shipping from 100.00 \u20ac on EU 9.90 \u20ac Outside EU You can use shipgerman.com to order outside the EU.\" \/>\n<meta property=\"og:url\" content=\"https:\/\/aesthetikaclothing.com\/en\/shop\/shipping-costs\/\" \/>\n<meta property=\"og:site_name\" content=\"\u00e4sthetika\" \/>\n<meta property=\"article:publisher\" content=\"https:\/\/www.facebook.com\/aesthetikaclothing\" \/>\n<meta property=\"article:modified_time\" content=\"2025-10-16T18:15:49+00:00\" \/>\n<meta name=\"twitter:card\" content=\"summary_large_image\" \/>\n<script type=\"application\/ld+json\" class=\"yoast-schema-graph\">{\"@context\":\"https:\\\/\\\/schema.org\",\"@graph\":[{\"@type\":\"WebPage\",\"@id\":\"https:\\\/\\\/aesthetikaclothing.com\\\/en\\\/shop\\\/shipping-costs\\\/\",\"url\":\"https:\\\/\\\/aesthetikaclothing.com\\\/en\\\/shop\\\/shipping-costs\\\/\",\"name\":\"Shipping Costs &#8211; \u00e4sthetika\",\"isPartOf\":{\"@id\":\"https:\\\/\\\/aesthetikaclothing.com\\\/en\\\/#website\"},\"datePublished\":\"2014-03-29T10:14:40+00:00\",\"dateModified\":\"2025-10-16T18:15:49+00:00\",\"breadcrumb\":{\"@id\":\"https:\\\/\\\/aesthetikaclothing.com\\\/en\\\/shop\\\/shipping-costs\\\/#breadcrumb\"},\"inLanguage\":\"en-US\",\"potentialAction\":[{\"@type\":\"ReadAction\",\"target\":[\"https:\\\/\\\/aesthetikaclothing.com\\\/en\\\/shop\\\/shipping-costs\\\/\"]}]},{\"@type\":\"BreadcrumbList\",\"@id\":\"https:\\\/\\\/aesthetikaclothing.com\\\/en\\\/shop\\\/shipping-costs\\\/#breadcrumb\",\"itemListElement\":[{\"@type\":\"ListItem\",\"position\":1,\"name\":\"Home\",\"item\":\"https:\\\/\\\/aesthetikaclothing.com\\\/en\\\/\"},{\"@type\":\"ListItem\",\"position\":2,\"name\":\"Onlineshop\",\"item\":\"https:\\\/\\\/aesthetikaclothing.com\\\/en\\\/shop\\\/\"},{\"@type\":\"ListItem\",\"position\":3,\"name\":\"Shipping Costs\"}]},{\"@type\":\"WebSite\",\"@id\":\"https:\\\/\\\/aesthetikaclothing.com\\\/en\\\/#website\",\"url\":\"https:\\\/\\\/aesthetikaclothing.com\\\/en\\\/\",\"name\":\"\u00e4sthetika\",\"description\":\"Prints made in Berlin\",\"publisher\":{\"@id\":\"https:\\\/\\\/aesthetikaclothing.com\\\/en\\\/#organization\"},\"potentialAction\":[{\"@type\":\"SearchAction\",\"target\":{\"@type\":\"EntryPoint\",\"urlTemplate\":\"https:\\\/\\\/aesthetikaclothing.com\\\/en\\\/?s={search_term_string}\"},\"query-input\":{\"@type\":\"PropertyValueSpecification\",\"valueRequired\":true,\"valueName\":\"search_term_string\"}}],\"inLanguage\":\"en-US\"},{\"@type\":\"Organization\",\"@id\":\"https:\\\/\\\/aesthetikaclothing.com\\\/en\\\/#organization\",\"name\":\"\u00c4STHETIKA\",\"url\":\"https:\\\/\\\/aesthetikaclothing.com\\\/en\\\/\",\"logo\":{\"@type\":\"ImageObject\",\"inLanguage\":\"en-US\",\"@id\":\"https:\\\/\\\/aesthetikaclothing.com\\\/en\\\/#\\\/schema\\\/logo\\\/image\\\/\",\"url\":\"https:\\\/\\\/aesthetikaclothing.com\\\/wp-content\\\/uploads\\\/2023\\\/11\\\/aesthetika_logo_2023.svg\",\"contentUrl\":\"https:\\\/\\\/aesthetikaclothing.com\\\/wp-content\\\/uploads\\\/2023\\\/11\\\/aesthetika_logo_2023.svg\",\"caption\":\"\u00c4STHETIKA\"},\"image\":{\"@id\":\"https:\\\/\\\/aesthetikaclothing.com\\\/en\\\/#\\\/schema\\\/logo\\\/image\\\/\"},\"sameAs\":[\"https:\\\/\\\/www.facebook.com\\\/aesthetikaclothing\",\"https:\\\/\\\/instagram.com\\\/aesthetikaclothing\\\/\"]}]}<\/script>\n<!-- \/ Yoast SEO plugin. -->","yoast_head_json":{"title":"Shipping Costs &#8211; \u00e4sthetika","robots":{"index":"index","follow":"follow","max-snippet":"max-snippet:-1","max-image-preview":"max-image-preview:large","max-video-preview":"max-video-preview:-1"},"canonical":"https:\/\/aesthetikaclothing.com\/en\/shop\/shipping-costs\/","og_locale":"en_US","og_type":"article","og_title":"Shipping Costs &#8211; \u00e4sthetika","og_description":"Destination Costs Extras Pick up at the store in Berlin Free of charge \u00e4sthetika Studio Graefestra\u00dfe 80, 10967 Berlin For Kings and Queens Zossener Stra\u00dfe 32, 10961 Berlin Germany 3.90 \u20ac free shipping from 100.00 \u20ac on EU 9.90 \u20ac Outside EU You can use shipgerman.com to order outside the EU.","og_url":"https:\/\/aesthetikaclothing.com\/en\/shop\/shipping-costs\/","og_site_name":"\u00e4sthetika","article_publisher":"https:\/\/www.facebook.com\/aesthetikaclothing","article_modified_time":"2025-10-16T18:15:49+00:00","twitter_card":"summary_large_image","schema":{"@context":"https:\/\/schema.org","@graph":[{"@type":"WebPage","@id":"https:\/\/aesthetikaclothing.com\/en\/shop\/shipping-costs\/","url":"https:\/\/aesthetikaclothing.com\/en\/shop\/shipping-costs\/","name":"Shipping Costs &#8211; \u00e4sthetika","isPartOf":{"@id":"https:\/\/aesthetikaclothing.com\/en\/#website"},"datePublished":"2014-03-29T10:14:40+00:00","dateModified":"2025-10-16T18:15:49+00:00","breadcrumb":{"@id":"https:\/\/aesthetikaclothing.com\/en\/shop\/shipping-costs\/#breadcrumb"},"inLanguage":"en-US","potentialAction":[{"@type":"ReadAction","target":["https:\/\/aesthetikaclothing.com\/en\/shop\/shipping-costs\/"]}]},{"@type":"BreadcrumbList","@id":"https:\/\/aesthetikaclothing.com\/en\/shop\/shipping-costs\/#breadcrumb","itemListElement":[{"@type":"ListItem","position":1,"name":"Home","item":"https:\/\/aesthetikaclothing.com\/en\/"},{"@type":"ListItem","position":2,"name":"Onlineshop","item":"https:\/\/aesthetikaclothing.com\/en\/shop\/"},{"@type":"ListItem","position":3,"name":"Shipping Costs"}]},{"@type":"WebSite","@id":"https:\/\/aesthetikaclothing.com\/en\/#website","url":"https:\/\/aesthetikaclothing.com\/en\/","name":"\u00e4sthetika","description":"Prints made in Berlin","publisher":{"@id":"https:\/\/aesthetikaclothing.com\/en\/#organization"},"potentialAction":[{"@type":"SearchAction","target":{"@type":"EntryPoint","urlTemplate":"https:\/\/aesthetikaclothing.com\/en\/?s={search_term_string}"},"query-input":{"@type":"PropertyValueSpecification","valueRequired":true,"valueName":"search_term_string"}}],"inLanguage":"en-US"},{"@type":"Organization","@id":"https:\/\/aesthetikaclothing.com\/en\/#organization","name":"\u00c4STHETIKA","url":"https:\/\/aesthetikaclothing.com\/en\/","logo":{"@type":"ImageObject","inLanguage":"en-US","@id":"https:\/\/aesthetikaclothing.com\/en\/#\/schema\/logo\/image\/","url":"https:\/\/aesthetikaclothing.com\/wp-content\/uploads\/2023\/11\/aesthetika_logo_2023.svg","contentUrl":"https:\/\/aesthetikaclothing.com\/wp-content\/uploads\/2023\/11\/aesthetika_logo_2023.svg","caption":"\u00c4STHETIKA"},"image":{"@id":"https:\/\/aesthetikaclothing.com\/en\/#\/schema\/logo\/image\/"},"sameAs":["https:\/\/www.facebook.com\/aesthetikaclothing","https:\/\/instagram.com\/aesthetikaclothing\/"]}]}},"_links":{"self":[{"href":"https:\/\/aesthetikaclothing.com\/en\/wp-json\/wp\/v2\/pages\/2124","targetHints":{"allow":["GET"]}}],"collection":[{"href":"https:\/\/aesthetikaclothing.com\/en\/wp-json\/wp\/v2\/pages"}],"about":[{"href":"https:\/\/aesthetikaclothing.com\/en\/wp-json\/wp\/v2\/types\/page"}],"author":[{"embeddable":true,"href":"https:\/\/aesthetikaclothing.com\/en\/wp-json\/wp\/v2\/users\/1"}],"replies":[{"embeddable":true,"href":"https:\/\/aesthetikaclothing.com\/en\/wp-json\/wp\/v2\/comments?post=2124"}],"version-history":[{"count":0,"href":"https:\/\/aesthetikaclothing.com\/en\/wp-json\/wp\/v2\/pages\/2124\/revisions"}],"up":[{"embeddable":true,"href":"https:\/\/aesthetikaclothing.com\/en\/wp-json\/wp\/v2\/pages\/2562"}],"wp:attachment":[{"href":"https:\/\/aesthetikaclothing.com\/en\/wp-json\/wp\/v2\/media?parent=2124"}],"curies":[{"name":"wp","href":"https:\/\/api.w.org\/{rel}","templated":true}]}}